{"id":89,"date":"2011-09-04T15:09:52","date_gmt":"2011-09-04T13:09:52","guid":{"rendered":"http:\/\/les-mysteres-de-la-plume-rouge.fr\/?page_id=89"},"modified":"2011-09-04T16:18:28","modified_gmt":"2011-09-04T14:18:28","slug":"membres","status":"publish","type":"page","link":"http:\/\/les-mysteres-de-la-plume-rouge.fr\/?page_id=89","title":{"rendered":"Membres"},"content":{"rendered":"<table border=\"1\">\n<tbody>\n<tr>\n<th>Nom<\/th>\n<th>Pr\u00e9nom<\/th>\n<th>Surnom<\/th>\n<th>Sexe<\/th>\n<th>Date de naissance<\/th>\n<th>Titres, Qualit\u00e9s, Postes<\/th>\n<th>Adresse postale<\/th>\n<th>e-mail principal<\/th>\n<th>e-mail secondaire<\/th>\n<th>T\u00e9l\u00e9phone Mobile<\/th>\n<th>T\u00e9l\u00e9phone Fixe<\/th>\n<th>Date d&#8217;adh\u00e9sion<\/th>\n<th>Derni\u00e8re date de cotisation<\/th>\n<\/tr>\n<tr>\n<td>Someone<\/td>\n<td>Someone<\/td>\n<td>Someone<\/td>\n<td>M<\/td>\n<td>07\/08\/1982<\/td>\n<td>Membre fondateur<\/td>\n<td>Ici<\/td>\n<td>here@there<\/td>\n<td>here@there<\/td>\n<td>06.05.04.03.02<\/td>\n<td>01.02.03.04.05<\/td>\n<td>01\/07\/2011<\/td>\n<td>01\/07\/2011<\/td>\n<\/tr>\n<\/tbody>\n<\/table>\n","protected":false},"excerpt":{"rendered":"<p>Nom Pr\u00e9nom Surnom Sexe Date de naissance Titres, Qualit\u00e9s, Postes Adresse postale e-mail principal e-mail secondaire T\u00e9l\u00e9phone Mobile T\u00e9l\u00e9phone Fixe Date d&#8217;adh\u00e9sion Derni\u00e8re date de cotisation Someone Someone Someone M 07\/08\/1982 Membre fondateur Ici here@there here@there 06.05.04.03.02 01.02.03.04.05 01\/07\/2011 01\/07\/2011<\/p>\n","protected":false},"author":2,"featured_media":0,"parent":28,"menu_order":0,"comment_status":"open","ping_status":"open","template":"","meta":{"ngg_post_thumbnail":0},"builder_content":"","_links":{"self":[{"href":"http:\/\/les-mysteres-de-la-plume-rouge.fr\/index.php?rest_route=\/wp\/v2\/pages\/89"}],"collection":[{"href":"http:\/\/les-mysteres-de-la-plume-rouge.fr\/index.php?rest_route=\/wp\/v2\/pages"}],"about":[{"href":"http:\/\/les-mysteres-de-la-plume-rouge.fr\/index.php?rest_route=\/wp\/v2\/types\/page"}],"author":[{"embeddable":true,"href":"http:\/\/les-mysteres-de-la-plume-rouge.fr\/index.php?rest_route=\/wp\/v2\/users\/2"}],"replies":[{"embeddable":true,"href":"http:\/\/les-mysteres-de-la-plume-rouge.fr\/index.php?rest_route=%2Fwp%2Fv2%2Fcomments&post=89"}],"version-history":[{"count":6,"href":"http:\/\/les-mysteres-de-la-plume-rouge.fr\/index.php?rest_route=\/wp\/v2\/pages\/89\/revisions"}],"predecessor-version":[{"id":107,"href":"http:\/\/les-mysteres-de-la-plume-rouge.fr\/index.php?rest_route=\/wp\/v2\/pages\/89\/revisions\/107"}],"up":[{"embeddable":true,"href":"http:\/\/les-mysteres-de-la-plume-rouge.fr\/index.php?rest_route=\/wp\/v2\/pages\/28"}],"wp:attachment":[{"href":"http:\/\/les-mysteres-de-la-plume-rouge.fr\/index.php?rest_route=%2Fwp%2Fv2%2Fmedia&parent=89"}],"curies":[{"name":"wp","href":"https:\/\/api.w.org\/{rel}","templated":true}]}}