{"id":75,"date":"2011-09-01T22:14:33","date_gmt":"2011-09-01T20:14:33","guid":{"rendered":"http:\/\/les-mysteres-de-la-plume-rouge.fr\/?page_id=75"},"modified":"2011-11-27T14:29:06","modified_gmt":"2011-11-27T12:29:06","slug":"ressources-documentaires","status":"publish","type":"page","link":"http:\/\/les-mysteres-de-la-plume-rouge.fr\/?page_id=75","title":{"rendered":"Mod\u00e8les et Ressources"},"content":{"rendered":"<h1>Mod\u00e8les internes<\/h1>\n<h2>Conseil d&#8217;Administration<\/h2>\n<ul>\n<li><a href=\"wp-content\/uploads\/EMailCA_20110901.txt\" target=\"_blank\">Courrier de Convocation<\/a>.<\/li>\n<li><a href=\"wp-content\/uploads\/ConvocationCA_20110901.odt\">Feuille de Convocation<\/a>. A adapter (date d&#8217;\u00e9dition, date de tenue, lieu, Ordre du Jour, t\u00eate et pied de page).<\/li>\n<li><a href=\"wp-content\/uploads\/PouvoirCA_20110901.odt\">Formulaire de Pouvoir<\/a>. A adapter (date, lieu, t\u00eate et pied de page). Il est volontairement dat\u00e9 et localis\u00e9 pour emp\u00eacher toute ambigu\u00eft\u00e9 \/\u00a0fraude.<\/li>\n<li><a href=\"wp-content\/uploads\/EmargementCA_20110901.odt\">Feuille d&#8217;\u00e9margement<\/a>. A adapter (date, lieu, t\u00eate et pied de page) pour emp\u00eacher toute ambigu\u00eft\u00e9 \/\u00a0fraude. Conform\u00e9ment au r\u00e8glement int\u00e9rieur, la r\u00e9union comporte au maximum 7 participants.<\/li>\n<li><a href=\"wp-content\/uploads\/ProcesVerbalCA_20110910.odt\">Proc\u00e8s verbal<\/a>. A adapter (date, lieu, t\u00eate et pied de page, quorum, pr\u00e9sents, pr\u00e9sident et secr\u00e9taire, ordre du jour, d\u00e9bats, heure de lev\u00e9e) pour emp\u00eacher toute ambigu\u00eft\u00e9 \/\u00a0fraude.<\/li>\n<\/ul>\n<h1>Mod\u00e8les externes<\/h1>\n<ul>\n<li><a href=\"http:\/\/perso.numericable.fr\/assoc1901\/HTLM\/modeles\/modeledirigeant.htm\" target=\"_blank\">Diff\u00e9rents mod\u00e8les pour les documents relatifs \u00e0 la tenue du CA<\/a><\/li>\n<\/ul>\n<h1>Vie des associations<\/h1>\n<ul>\n<li><a href=\"http:\/\/association1901.fr\/blog\/moments-cle\/reglement-interieur\/reglement-interieur-de-lassociation-1901-comment-le-rater-a-coup-sur\/\" target=\"_blank\">Conseils sur la r\u00e9daction du R\u00e8glement Int\u00e9rieur<\/a><\/li>\n<li><a href=\"http:\/\/perso.numericable.fr\/assoc1901\/HTLM\/gestion\/conseil.htm\" target=\"_blank\">Conseils sur l&#8217;organisation du CA<\/a><\/li>\n<li><a href=\"https:\/\/www.associatheque.fr\/fr\/guides\/boite-a-outils-associations.html\" target=\"_blank\">Associath\u00e8que : Bo\u00eete \u00e0 outils pour les associations<\/a><\/li>\n<li><a href=\"http:\/\/assoandco.fr\/\" target=\"_blank\">Asso&amp;Co<\/a> : services aux associations (La Poste)<\/li>\n<\/ul>\n<h1>Contacts<\/h1>\n<p><a title=\"Cr\u00e9dit Mutuel\" href=\"https:\/\/www.creditmutuel.fr\/groupe\/fr\/banques\/associations-ce\/index.html\" target=\"_blank\">Cr\u00e9dit Mutuel<\/a><\/p>\n<p style=\"padding-left: 30px;\">CCM Corbeil-Essonnes<br \/>\n4 rue Feray &#8211; BP 48<br \/>\n91103 Corbeil Essonnes CEDEX<br \/>\nT\u00e9l. 08 20 09 99 11<br \/>\nFax 01 64 96 17 46<\/p>\n<p><a title=\"Registre Sp\u00e9cial\" href=\"http:\/\/www.registre-special.com\" target=\"_blank\">Le Registre Sp\u00e9cial<\/a><br \/>\nLe Registre Sp\u00e9cial de l&#8217;association a \u00e9t\u00e9 command\u00e9 aupr\u00e8s de l&#8217;association Les Editions Associatives. 23,90 EUR le 9 Juillet 2011.<\/p>\n<p style=\"padding-left: 30px;\">1 r\u00e9sidence Jules Vall\u00e8s<br \/>\n91180 Saint Germain les Arpajon<br \/>\nJean-Michel Nicoli et Laurent Samuel<\/p>\n","protected":false},"excerpt":{"rendered":"<p>Mod\u00e8les internes Conseil d&#8217;Administration Courrier de Convocation. Feuille de Convocation. A adapter (date d&#8217;\u00e9dition, date de tenue, lieu, Ordre du Jour, t\u00eate et pied de page). Formulaire de Pouvoir. A adapter (date, lieu, t\u00eate et pied de page). Il est volontairement dat\u00e9 et localis\u00e9 pour emp\u00eacher toute ambigu\u00eft\u00e9 \/\u00a0fraude. Feuille d&#8217;\u00e9margement. A adapter (date, lieu, [&hellip;]<\/p>\n","protected":false},"author":2,"featured_media":0,"parent":28,"menu_order":0,"comment_status":"open","ping_status":"open","template":"","meta":{"ngg_post_thumbnail":0},"builder_content":"","_links":{"self":[{"href":"http:\/\/les-mysteres-de-la-plume-rouge.fr\/index.php?rest_route=\/wp\/v2\/pages\/75"}],"collection":[{"href":"http:\/\/les-mysteres-de-la-plume-rouge.fr\/index.php?rest_route=\/wp\/v2\/pages"}],"about":[{"href":"http:\/\/les-mysteres-de-la-plume-rouge.fr\/index.php?rest_route=\/wp\/v2\/types\/page"}],"author":[{"embeddable":true,"href":"http:\/\/les-mysteres-de-la-plume-rouge.fr\/index.php?rest_route=\/wp\/v2\/users\/2"}],"replies":[{"embeddable":true,"href":"http:\/\/les-mysteres-de-la-plume-rouge.fr\/index.php?rest_route=%2Fwp%2Fv2%2Fcomments&post=75"}],"version-history":[{"count":32,"href":"http:\/\/les-mysteres-de-la-plume-rouge.fr\/index.php?rest_route=\/wp\/v2\/pages\/75\/revisions"}],"predecessor-version":[{"id":195,"href":"http:\/\/les-mysteres-de-la-plume-rouge.fr\/index.php?rest_route=\/wp\/v2\/pages\/75\/revisions\/195"}],"up":[{"embeddable":true,"href":"http:\/\/les-mysteres-de-la-plume-rouge.fr\/index.php?rest_route=\/wp\/v2\/pages\/28"}],"wp:attachment":[{"href":"http:\/\/les-mysteres-de-la-plume-rouge.fr\/index.php?rest_route=%2Fwp%2Fv2%2Fmedia&parent=75"}],"curies":[{"name":"wp","href":"https:\/\/api.w.org\/{rel}","templated":true}]}}