{"id":73,"date":"2011-09-01T22:12:04","date_gmt":"2011-09-01T20:12:04","guid":{"rendered":"http:\/\/les-mysteres-de-la-plume-rouge.fr\/?page_id=73"},"modified":"2011-11-27T18:02:48","modified_gmt":"2011-11-27T16:02:48","slug":"calendrier","status":"publish","type":"page","link":"http:\/\/les-mysteres-de-la-plume-rouge.fr\/?page_id=73","title":{"rendered":"Agenda"},"content":{"rendered":"<h1>Assembl\u00e9es<\/h1>\n<h2>Assembl\u00e9e G\u00e9n\u00e9rale<\/h2>\n<p>Le 17 novembre 2012 au plus tard. Lieu \u00e0 d\u00e9terminer. Convocations \u00e0 envoyer le 2 novembre 2012 au plus tard.<\/p>\n<h2>Conseil d&#8217;Administration<\/h2>\n<p>Au plus tard le 19 f\u00e9vrier 2012 selon la r\u00e8gle des 3 mois. Quorum \u00e0 v\u00e9rifier.<\/p>\n<p>Date retenue: le 28 janvier. Convocations \u00e0 envoyer le 13 janvier au plus tard.<\/p>\n<h1>Assurance<\/h1>\n<p>Au moins <strong>2 mois avant \u00e9ch\u00e9ance<\/strong> du contrat et reconduction tacite, voir si le contrat reste comp\u00e9titif et envisager de le r\u00e9silier.<\/p>\n","protected":false},"excerpt":{"rendered":"<p>Assembl\u00e9es Assembl\u00e9e G\u00e9n\u00e9rale Le 17 novembre 2012 au plus tard. Lieu \u00e0 d\u00e9terminer. Convocations \u00e0 envoyer le 2 novembre 2012 au plus tard. Conseil d&#8217;Administration Au plus tard le 19 f\u00e9vrier 2012 selon la r\u00e8gle des 3 mois. Quorum \u00e0 v\u00e9rifier. Date retenue: le 28 janvier. Convocations \u00e0 envoyer le 13 janvier au plus tard. [&hellip;]<\/p>\n","protected":false},"author":2,"featured_media":0,"parent":28,"menu_order":0,"comment_status":"open","ping_status":"open","template":"","meta":{"ngg_post_thumbnail":0},"builder_content":"","_links":{"self":[{"href":"http:\/\/les-mysteres-de-la-plume-rouge.fr\/index.php?rest_route=\/wp\/v2\/pages\/73"}],"collection":[{"href":"http:\/\/les-mysteres-de-la-plume-rouge.fr\/index.php?rest_route=\/wp\/v2\/pages"}],"about":[{"href":"http:\/\/les-mysteres-de-la-plume-rouge.fr\/index.php?rest_route=\/wp\/v2\/types\/page"}],"author":[{"embeddable":true,"href":"http:\/\/les-mysteres-de-la-plume-rouge.fr\/index.php?rest_route=\/wp\/v2\/users\/2"}],"replies":[{"embeddable":true,"href":"http:\/\/les-mysteres-de-la-plume-rouge.fr\/index.php?rest_route=%2Fwp%2Fv2%2Fcomments&post=73"}],"version-history":[{"count":15,"href":"http:\/\/les-mysteres-de-la-plume-rouge.fr\/index.php?rest_route=\/wp\/v2\/pages\/73\/revisions"}],"predecessor-version":[{"id":210,"href":"http:\/\/les-mysteres-de-la-plume-rouge.fr\/index.php?rest_route=\/wp\/v2\/pages\/73\/revisions\/210"}],"up":[{"embeddable":true,"href":"http:\/\/les-mysteres-de-la-plume-rouge.fr\/index.php?rest_route=\/wp\/v2\/pages\/28"}],"wp:attachment":[{"href":"http:\/\/les-mysteres-de-la-plume-rouge.fr\/index.php?rest_route=%2Fwp%2Fv2%2Fmedia&parent=73"}],"curies":[{"name":"wp","href":"https:\/\/api.w.org\/{rel}","templated":true}]}}