{"id":455,"date":"2013-06-11T00:48:26","date_gmt":"2013-06-10T22:48:26","guid":{"rendered":"http:\/\/les-mysteres-de-la-plume-rouge.fr\/?page_id=455"},"modified":"2013-06-12T22:49:25","modified_gmt":"2013-06-12T20:49:25","slug":"statuts-2","status":"publish","type":"page","link":"http:\/\/les-mysteres-de-la-plume-rouge.fr\/?page_id=455","title":{"rendered":"Statuts"},"content":{"rendered":"<div id=\"articles_statuts\" style=\"column-count: 2; -moz-column-count: 2; -webkit-column-count: 2; text-align: justify; column-gap: 40px; -moz-column-gap: 40px; -webkit-column-gap: 40px;\">\n<article>\n<header><a name=\"art1\">Article 1er &#8211; Constitution<\/a><\/header>\n<section>Il est fond\u00e9 entre les adh\u00e9rents aux pr\u00e9sents statuts une association r\u00e9gie par la loi du 1er juillet 1901 et le d\u00e9cret du 16 ao\u00fbt 1901, ayant pour titre : \u00abLes Myst\u00e8res de la Plume Rouge\u00bb.<br \/>\n\t\t<br \/><\/section>\n<\/article>\n<article>\n<header><a name=\"art2\">Article 2 &#8211; Dur\u00e9e<\/a><\/header>\n<section>La dur\u00e9e de l&#8217;association est illimit\u00e9e.<br \/>\n\t\t<br \/><\/section>\n<\/article>\n<article>\n<header><a name=\"art3\">Article 3 &#8211; Si\u00e8ge social<\/a><\/header>\n<section>Le si\u00e8ge social est situ\u00e9 au 3 square Arthur Rimbaud 91000 Evry. Il pourra \u00eatre transf\u00e9r\u00e9 sur simple d\u00e9cision du Conseil d&#8217;Administration.<br \/>\n\t\t<br \/><\/section>\n<\/article>\n<article>\n<header><a name=\"art4\">Article 4 &#8211; Objets<\/a><\/header>\n<section>Cette association a pour buts :<\/p>\n<ul>\n<li>De favoriser, d\u00e9velopper et promouvoir la pratique des Soir\u00e9es Enqu\u00eates<\/li>\n<li>D&#8217;organiser de tels divertissements<\/li>\n<li>D&#8217;encadrer des ateliers d&#8217;\u00e9criture de sc\u00e9narii, de la r\u00e9daction \u00e0 la publication et \u00e0 la diffusion \u00e9ventuelle<\/li>\n<li>De faire partager la passion de ses membres<\/li>\n<\/ul>\n<\/section>\n<\/article>\n<article>\n<header><a name=\"art5\">Article 5 &#8211; Moyens d&#8217;action<\/a><\/header>\n<section>L&#8217;association pourra exercer toute activit\u00e9 connexe ou compl\u00e9mentaire qui concourt directement ou indirectement \u00e0 la r\u00e9alisation des objectifs \u00e9nonc\u00e9s dans l&#8217;article 4.Cela inclut notamment :<\/p>\n<ul>\n<li>La mise en place de services pour la communaut\u00e9<\/li>\n<li>Des services associatifs se d\u00e9roulant au sein des collectivit\u00e9s locales<\/li>\n<li>La mise en oeuvre d&#8217;\u00e9v\u00e9nements et manifestations dans tout lieu public et priv\u00e9<\/li>\n<li>L&#8217;organisation de tournois et de conventions<\/li>\n<li>Le partage de moyens humains, techniques et de comp\u00e9tences<\/li>\n<li>Des jeux concours<\/li>\n<li>Le soutien \u00e0 des associations aux buts et objets proches&#8230;<\/li>\n<\/ul>\n<\/section>\n<\/article>\n<article>\n<header><a name=\"art6\">Article 6 &#8211; Ressources<\/a><\/header>\n<section>Les ressources de l&#8217;association comprennent :<\/p>\n<ul>\n<li>Le montant des cotisations<\/li>\n<li>La vente de produits, de services ou de prestations fournies par l&#8217;association<\/li>\n<li>Les dons manuels<\/li>\n<li>Les subventions \u00e9ventuelles<\/li>\n<li>Le produit des manifestations qu&#8217;elle organise<\/li>\n<li>Les int\u00e9r\u00eats et redevances des biens et valeurs qu&#8217;elle peut poss\u00e9der<\/li>\n<li>Toute autre ressource autoris\u00e9e par la loi, notamment recourir en cas de n\u00e9cessit\u00e9 \u00e0 un ou plusieurs emprunts bancaires ou priv\u00e9s<\/li>\n<\/ul>\n<\/section>\n<\/article>\n<article>\n<header><a name=\"art7\">Article 7 &#8211; Composition<\/a><\/header>\n<section>L&#8217;association se compose de :<\/p>\n<ul>\n<li><em><strong>Membres fondateurs<\/strong><\/em><\/li>\n<\/ul>\n<p>\t\tSont membres fondateurs MM. SOUNE-SEYNE Marc, NIZON Adrien et MONCET Romuald, qui ont cr\u00e9\u00e9 la pr\u00e9sente association. Ils ont un avis consultatif quant aux d\u00e9cisions prises par l&#8217;association, et disposent d&#8217;un droit de veto s&#8217;ils sont unanimes.<\/p>\n<ul>\n<li><em><strong>Membres d&#8217;honneur<\/strong><\/em><\/li>\n<\/ul>\n<p>\t\tSont membres d&#8217;honneur les membres du Bureau ainsi que ceux qui rendent ou ont rendu de grands services \u00e0 l&#8217;association ; l&#8217;importance de ces dits services sera appr\u00e9ci\u00e9e avec bon sens par le Conseil d&#8217;Administration.<\/p>\n<p>\t\tLes membres d&#8217;honneur ne doivent payer que la cotisation minimale, d\u00e9finie dans le r\u00e8glement int\u00e9rieur de l&#8217;association.<\/p>\n<ul>\n<li><em><strong>Membres actifs<\/strong><\/em><\/li>\n<\/ul>\n<p>\t\tSont membres actifs les personnes qui occupent des postes \u00e0 responsabilit\u00e9 au sein de l&#8217;association, postes qui requi\u00e8rent une implication concr\u00e8te dans la vie et le fonctionnement de l&#8217;association.<\/p>\n<p>\t\tEn contrepartie des services qu&#8217;ils se sont ainsi engag\u00e9s \u00e0 rendre, ces membres ne doivent s&#8217;acquitter que de la cotisation restreinte, d\u00e9finie dans le r\u00e8glement int\u00e9rieur. Si le Conseil d&#8217;Administration juge \u00e0 la majorit\u00e9 simple qu&#8217;ils se soustraient \u00e0 leurs obligations, ils perdent le statut de membres actifs et doivent s&#8217;acquitter de la cotisation standard.<\/p>\n<p>\t\tLes postes concern\u00e9s par ce statut particulier ainsi que leurs modalit\u00e9s d&#8217;acc\u00e8s seront d\u00e9finis par le Bureau, notamment en fonction des besoins de l&#8217;association.<\/p>\n<ul>\n<li><em><strong>Membres adh\u00e9rents<\/strong><\/em><\/li>\n<\/ul>\n<p>\t\tSont membres adh\u00e9rents toutes les personnes \u00e0 jour de leur cotisation, standard ou particuli\u00e8re fonction de leur statut dans l&#8217;association.<\/p>\n<ul>\n<li><em><strong>Membres bienfaiteurs<\/strong><\/em><\/li>\n<\/ul>\n<p>\t\tSont membres bienfaiteurs les personnes qui ont effectu\u00e9 des dons \u00e0 l&#8217;association, qu&#8217;ils soient mat\u00e9riels ou financiers. Pour b\u00e9n\u00e9ficier de ce statut, le don doit \u00eatre au moins cinq fois sup\u00e9rieur \u00e0 la cotisation standard telle qu&#8217;elle est d\u00e9finie dans le r\u00e8glement int\u00e9rieur de l&#8217;association.<\/p>\n<ul>\n<li><em><strong>Membres honoraires<\/strong><\/em><\/li>\n<\/ul>\n<p>\t\tLe titre de membre honoraire peut \u00eatre d\u00e9cern\u00e9 \u00e0 des membres de l\u2019association ou \u00e0 des personnes ext\u00e9rieures \u00e0 l\u2019organisme sur d\u00e9cision du conseil d&#8217;administration. Ces membres sont exempt\u00e9s de cotisation.<br \/>\n\t\t<br \/><\/section>\n<\/article>\n<article>\n<header><a name=\"art8\">Article 8 &#8211; Admission<\/a><\/header>\n<section>Pour faire partie de l&#8217;association, il faut :<\/p>\n<ul>\n<li>Etre une personne physique \u00e2g\u00e9e de 18 ans ou plus<\/li>\n<li>Adh\u00e9rer aux pr\u00e9sents statuts ainsi qu&#8217;au r\u00e8glement int\u00e9rieur en vigueur de l&#8217;association<\/li>\n<li>S&#8217;acquitter de la cotisation associ\u00e9e \u00e0 son statut dont le montant est fix\u00e9 chaque ann\u00e9e par le Conseil d&#8217;Administration, et qui est d\u00e9finie dans le r\u00e8glement int\u00e9rieur.<\/li>\n<\/ul>\n<p>\t\tL&#8217;admission des membres doit \u00eatre valid\u00e9e par le Conseil d&#8217;Administration, lequel en cas de refus n&#8217;est pas tenu de motiver sa d\u00e9cision.<\/p>\n<p>\t\tLes membres du Conseil d&#8217;Administration s&#8217;engagent \u00e0 ne faire preuve d&#8217;aucune discrimination concernant les personnes qui souhaitent adh\u00e9rer \u00e0 l&#8217;association : origine, religion, handicap, sexe, situation de famille, apparence physique, patronyme, \u00e9tat de sant\u00e9, caract\u00e9ristiques g\u00e9n\u00e9tiques, m\u0153urs, orientation sexuelle&#8230;<br \/>\n\t\t<br \/><\/section>\n<\/article>\n<article>\n<header><a name=\"art9\">Article 9 &#8211; Perte de la qualit\u00e9 de membre<\/a><\/header>\n<section>La qualit\u00e9 de membre se perd par :<\/p>\n<ul>\n<li>La d\u00e9mission, adress\u00e9e par \u00e9crit au pr\u00e9sident de l&#8217;association<\/li>\n<li>Le d\u00e9c\u00e8s<\/li>\n<li>La radiation ou l&#8217;exclusion prononc\u00e9e par le conseil d&#8217;administration pour non-paiement de la cotisation ou pour motif grave, notamment pour infraction aux pr\u00e9sents statuts, au r\u00e8glement int\u00e9rieur de l&#8217;association ou pour toute autre raison portant pr\u00e9judice aux int\u00e9r\u00eats moraux et mat\u00e9riels de l&#8217;association.<\/li>\n<\/ul>\n<p>\t\tAvant la d\u00e9cision \u00e9ventuelle de radiation, l&#8217;int\u00e9ress\u00e9 est invit\u00e9 \u00e0 fournir des explications \u00e9crites adress\u00e9es au pr\u00e9sident de l&#8217;association.<br \/>\n\t\t<br \/><\/section>\n<\/article>\n<article>\n<header><a name=\"art10\">Article 10 &#8211; Affiliation<\/a><\/header>\n<section><span style=\"color: #000000;\">En cas d&#8217;affiliation, l&#8217;association s\u2019engage \u00e0 se conformer aux statuts et au r\u00e8glement int\u00e9rieur de l&#8217;association \u00e0 laquelle elle est affili\u00e9e. <\/span>Toute affiliation fera l&#8217;objet d&#8217;un vote du conseil d&#8217;Administration et sera signal\u00e9e aux membres de l&#8217;association, par courrier ou par affichage sur le site internet de l&#8217;association.<br \/>\n\t\t<br \/><\/section>\n<\/article>\n<article>\n<header><a name=\"art11\">Article 11 &#8211; Conseil d&#8217;Administration<\/a><\/header>\n<section>L&#8217;association est dirig\u00e9e par un conseil d&#8217;au moins 3 membres, \u00e9lus pour 2 ann\u00e9es par l&#8217;Assembl\u00e9e G\u00e9n\u00e9rale. Les membres sont r\u00e9\u00e9ligibles.Le conseil est renouvel\u00e9 tous les ans par moiti\u00e9 ; la premi\u00e8re ann\u00e9e, les membres sortants sont d\u00e9sign\u00e9s par le sort parmi les membres du Conseil d&#8217;Administration qui ne font pas partie du Bureau.En cas de vacances, le conseil pourvoit provisoirement au remplacement de ses membres. Il est proc\u00e9d\u00e9 \u00e0 leur remplacement d\u00e9finitif par la prochaine assembl\u00e9e g\u00e9n\u00e9rale. Les pouvoirs des membres ainsi \u00e9lus prennent fin \u00e0 l&#8217;\u00e9poque o\u00f9 devrait normalement expirer le mandat des membres remplac\u00e9s.<\/p>\n<p>\t\tEst \u00e9ligible au Conseil d&#8217;Administration tout membre de l&#8217;association depuis six mois au moins ou depuis la cr\u00e9ation de l&#8217;association, \u00e0 jour de ses cotisations<br \/>\n\t\t<br \/><\/section>\n<\/article>\n<article>\n<header><a name=\"art12\">Article 12 &#8211; R\u00e9union du Conseil d&#8217;Administration<\/a><\/header>\n<section>Le conseil d&#8217;Administration se r\u00e9unit au moins une fois tous les 3 mois, ainsi que chaque fois qu&#8217;il est convoqu\u00e9 par le pr\u00e9sident. En outre, une r\u00e9union du Conseil d&#8217;Administration a \u00e9galement lieu sur la demande \u00e9crite adress\u00e9e au pr\u00e9sident de l&#8217;association de la moiti\u00e9 de ses membres.Le pr\u00e9sident convoque par \u00e9crit ( courrier postal ou \u00e9lectronique ) les membres du conseil d&#8217;administration quinze jours au moins avant la date de la r\u00e9union en pr\u00e9cisant l&#8217;ordre du jour. Chaque membre du Conseil d&#8217;Administration peut se faire repr\u00e9senter par un autre membre du Conseil d&#8217;Administration, mais chaque administrateur pr\u00e9sent ne peut d\u00e9finir plus d&#8217;un mandat de repr\u00e9sentation par r\u00e9union.La pr\u00e9sence d&#8217;au moins la moiti\u00e9 des membres est n\u00e9cessaire pour que le Conseil d&#8217;Administration puisse d\u00e9lib\u00e9rer convenablement. Les d\u00e9cisions sont alors prises \u00e0 la majorit\u00e9 des voix des membres pr\u00e9sents et repr\u00e9sent\u00e9s. En cas de partage \u00e9gal, la voix du pr\u00e9sident est pr\u00e9pond\u00e9rante.<\/p>\n<p>\t\tToutes les d\u00e9lib\u00e9rations du Conseil d&#8217;Administration sont consign\u00e9es dans un registre et sign\u00e9es du pr\u00e9sident et du secr\u00e9taire.<\/p>\n<p>\t\tTout membre du conseil qui, sans excuse, n&#8217;aura pas assist\u00e9 \u00e0 trois r\u00e9unions cons\u00e9cutives, pourra \u00eatre consid\u00e9r\u00e9 comme d\u00e9missionnaire.<\/p>\n<p>\t\tSi le quorum n&#8217;est pas atteint, le conseil d&#8217;administration est convoqu\u00e9 \u00e0 nouveau, \u00e0 15 jours d&#8217;intervalle. Il peut alors d\u00e9lib\u00e9rer quel que soit le nombre de pr\u00e9sents et repr\u00e9sent\u00e9s.<br \/>\n\t\t<br \/><\/section>\n<\/article>\n<article>\n<header><a name=\"art13\">Article 13 &#8211; R\u00e9mun\u00e9rations<\/a><\/header>\n<section>Les mandats des membres du Conseil d&#8217;Administration sont gratuits. Toutefois, les frais et d\u00e9bours occasionn\u00e9s par l&#8217;accomplissement de leur mandat peuvent \u00eatre rembours\u00e9s aux administrateurs sur pr\u00e9sentation d&#8217;un justificatif qui sera soumis \u00e0 l&#8217;appr\u00e9ciation du Bureau.Le rapport financier pr\u00e9sent\u00e9 \u00e0 l&#8217;assembl\u00e9e g\u00e9n\u00e9rale doit faire mention des remboursements des frais de mission, de d\u00e9placements ou de repr\u00e9sentation r\u00e9gl\u00e9s \u00e0 des administrateurs.<br \/>\n\t\t<br \/><\/section>\n<\/article>\n<article>\n<header><a name=\"art14\">Article 14 &#8211; Pouvoirs du Conseil d&#8217;Administration<\/a><\/header>\n<section>Le Conseil d&#8217;Administration se prononce sur les admissions des membres de l&#8217;association, conf\u00e8re les \u00e9ventuels titres de membres d&#8217;honneur, honoraires ou bienfaiteurs. Il se prononce \u00e9galement sur les sanctions, les mesures de radiation et les mesures d&#8217;exclusion des membres.Il choisit parmi ses membres ceux qui vont constituer le Bureau.Il contr\u00f4le la gestion des membres du Bureau qui doivent lui rendre compte de son activit\u00e9 \u00e0 l&#8217;occasion de ses r\u00e9unions.<\/p>\n<p>\t\tEn cas de d\u00e9saccord, le Conseil d&#8217;Administration peut destituer un membre du Bureau, \u00e0 la suite d&#8217;un vote en ce sens \u00e0 bulletin secret, si deux tiers des membres du conseil d&#8217;administration y sont favorables, ainsi qu&#8217;un membre du Bureau, ou si trois quarts des membres du conseil se prononcent pour cette destitution. L&#8217;int\u00e9ress\u00e9 pourra d\u00e9fendre sa position devant le conseil avant cette mesure radicale.<br \/>\n\t\t<br \/><\/section>\n<\/article>\n<article>\n<header><a name=\"art15\">Article 15 &#8211; Bureau du Conseil d&#8217;Administration<\/a><\/header>\n<section>Le Conseil d&#8217;Administration choisit parmi ses membres, au scrutin secret, un bureau compos\u00e9 de :<\/p>\n<ul>\n<li>Un(e) Pr\u00e9sident(e), pour un mandat de 2 ans<\/li>\n<li>Un(e) Tr\u00e9sorier(e), pour un mandat de 2 ans, n\u00e9cessairement distinct du pr\u00e9sident<\/li>\n<li>Un(e) Secr\u00e9taire, pour un mandat de 2 ans, qui peut \u00e9ventuellement \u00eatre le pr\u00e9sident ou le tr\u00e9sorier<\/li>\n<\/ul>\n<p>\t\tLe pr\u00e9sident pourra nommer s&#8217;il le souhaite n&#8217;importe quel membre du Conseil d&#8217;Administration comme vice-pr\u00e9sident.<\/p>\n<p>\t\tEn cas de d\u00e9mission ou d&#8217;incapacit\u00e9 \u00e0 assurer son mandat d&#8217;un membre du Bureau, le Bureau pourvoit provisoirement \u00e0 son remplacement. Il est proc\u00e9d\u00e9 \u00e0 son remplacement d\u00e9finitif par la prochaine r\u00e9union du Conseil d&#8217;Administration. Les pouvoirs du membres ainsi \u00e9lu prennent fin \u00e0 l&#8217;\u00e9poque o\u00f9 devrait normalement expirer le mandat du membre remplac\u00e9.<br \/>\n\t\t<br \/><\/section>\n<\/article>\n<article>\n<header><a name=\"art16\">Article 16 &#8211; R\u00f4les du Bureau<\/a><\/header>\n<section>Le Bureau pr\u00e9pare les r\u00e9unions du Conseil d&#8217;Administration auquel il doit rendre compte de sa gestion et traite les affaires courantes entre ces r\u00e9unions.Le PRESIDENT r\u00e9unit et pr\u00e9side les Assembl\u00e9es G\u00e9n\u00e9rales, le Conseil d&#8217;Administration et le Bureau. Il repr\u00e9sente l&#8217;association. Il peut nommer un membre du Conseil d&#8217;Administration comme VICE-PRESIDENT et lui d\u00e9l\u00e9guer une partie de ses pouvoirs.En accord avec le Bureau, il a \u00e0 coeur de prendre et d&#8217;appliquer les d\u00e9cisions qui vont dans le sens de la r\u00e9alisation des objectifs de l&#8217;association \u00e9nonc\u00e9s \u00e0 l&#8217;article 4 des pr\u00e9sents statuts, d\u00e9cisions dont il doit rendre compte au conseil d&#8217;administration \u00e0 chaque r\u00e9union et lors de l&#8217;Assembl\u00e9e G\u00e9n\u00e9rale.<\/p>\n<p>\t\tLe SECRETAIRE est charg\u00e9 de la correspondance statuaire et administrative, notamment l&#8217;envoi des convocations. Il r\u00e9dige les proc\u00e8s-verbaux des instances statuaires et en assure la transcription sur les registres pr\u00e9vus \u00e0 cet effet.<\/p>\n<p>\t\tLe TRESORIER tient les comptes de l&#8217;association. Il autorise l&#8217;ouverture de tous comptes bancaires, aux ch\u00e8ques postaux et aupr\u00e8s de tout autre \u00e9tablissement de cr\u00e9dit, effectue tout emplois de fonds, contracte tout emprunt hypoth\u00e9caire ou autre, sollicite toutes subventions, requiert toute inscription ou transaction utile.<br \/>\n\t\t<br \/><\/section>\n<\/article>\n<article>\n<header><a name=\"art17\">Article 17 &#8211; Dispositions communes aux Assembl\u00e9es G\u00e9n\u00e9rales<\/a><\/header>\n<section>Les assembl\u00e9es g\u00e9n\u00e9rales se composent de tous les membres de l&#8217;association \u00e0 jour de leur cotisation. Elles se r\u00e9unissent sur convocation du pr\u00e9sident de l&#8217;association, ou sur demande \u00e9crite d&#8217;au moins deux tiers des membres adress\u00e9e au pr\u00e9sident de l&#8217;association.Quinze jours au moins avant la date de la r\u00e9union, les membres de l&#8217;association sont convoqu\u00e9s par le secr\u00e9taire, par courrier individuel, collectif, ou par affichage sur le site web de l&#8217;association ; la convocation doit mentionner obligatoirement l&#8217;ordre du jour pr\u00e9vu.Les membres de l&#8217;association peuvent se faire repr\u00e9senter par un autre membre de l&#8217;association en cas d&#8217;emp\u00eachement ; toutefois, un membre pr\u00e9sent ne peut d\u00e9tenir plus d&#8217;un mandat de repr\u00e9sentation.<\/p>\n<p>\t\tLa pr\u00e9sidence de l&#8217;assembl\u00e9e g\u00e9n\u00e9rale appartient au pr\u00e9sident ou \u00e0 un membre du Bureau en cas d&#8217;emp\u00eachement. Au cours de la r\u00e9union, seules seront trait\u00e9es les questions soumises \u00e0 l&#8217;ordre du jour. Les d\u00e9lib\u00e9rations seront constat\u00e9es par des proc\u00e8s verbaux inscrits sur un registre et sign\u00e9s par le pr\u00e9sident et le secr\u00e9taire.<br \/>\n\t\t<br \/><\/section>\n<\/article>\n<article>\n<header><a name=\"art18\">Article 18 &#8211; Assembl\u00e9e G\u00e9n\u00e9rale Ordinaire<\/a><\/header>\n<section>L&#8217;Assembl\u00e9e G\u00e9n\u00e9rale Ordinaire se r\u00e9unit une fois par an, selon les modalit\u00e9s d\u00e9finies par l&#8217;article 17 des pr\u00e9sents statuts. Elle entend le rapport sur la gestion financi\u00e8re et le rapport d&#8217;activit\u00e9 de l&#8217;association, et d\u00e9lib\u00e8re sur toutes les questions \u00e0 l&#8217;ordre du jour avant de pourvoir \u00e0 l&#8217;\u00e9lection des membres du conseil d&#8217;administration.Le pr\u00e9sident, assist\u00e9 des membres de son Bureau, pr\u00e9side l&#8217;assembl\u00e9e et expose la situation morale de l&#8217;association.Le tr\u00e9sorier rend compte de sa gestion et soumet le bilan \u00e0 l&#8217;approbation de l&#8217;assembl\u00e9e.<\/p>\n<p>\t\t\tLes d\u00e9cisions de l&#8217;assembl\u00e9e g\u00e9n\u00e9rale ordinaire concernant les questions \u00e0 l&#8217;ordre du jour sont prises \u00e0 la majorit\u00e9 des voix des membres pr\u00e9sents et repr\u00e9sent\u00e9s, \u00e0 main lev\u00e9e.<\/p>\n<p>\t\tIl est proc\u00e9d\u00e9, apr\u00e8s \u00e9puisement de l&#8217;ordre du jour, au remplacement des membres du conseil sortants au scrutin secret. Les membres qui souhaitent \u00eatre \u00e9lus au conseil d&#8217;administration doivent \u00eatre pr\u00e9sents physiquement lors de l&#8217;assembl\u00e9e g\u00e9n\u00e9rale.<br \/>\n\t\t<br \/><\/section>\n<\/article>\n<article>\n<header><a name=\"art19\">Article 19 &#8211; Assembl\u00e9e G\u00e9n\u00e9rale Extraordinaire<\/a><\/header>\n<section>Une Assembl\u00e9e G\u00e9n\u00e9rale Extraordinaire peut \u00eatre convoqu\u00e9e, dans les conditions d\u00e9finies par l&#8217;article 17 des pr\u00e9sents statuts. Elle statue sur les modifications de statuts et sur la dissolution de l&#8217;association.Un quorum de deux tiers des membres est requis pour assurer la validit\u00e9 des d\u00e9cisions de l&#8217;Assembl\u00e9e G\u00e9n\u00e9rale Extraordinaire. Si le quorum n&#8217;est pas atteint, l&#8217;assembl\u00e9e g\u00e9n\u00e9rale extraordinaire est convoqu\u00e9e \u00e0 nouveau, \u00e0 15 jours d&#8217;intervalle. Elle peut alors d\u00e9lib\u00e9rer quel que soit le nombre de pr\u00e9sents et repr\u00e9sent\u00e9s.Les d\u00e9cisions sont prises \u00e0 main lev\u00e9e et \u00e0 la majorit\u00e9 des membres pr\u00e9sents et repr\u00e9sent\u00e9s pour les modifications de statuts ; pour la dissolution de l&#8217;association, un minimum de deux tiers des voix des membres pr\u00e9sents et repr\u00e9sent\u00e9s est requis, au scrutin secret.<br \/>\n\t\t<br \/><\/section>\n<\/article>\n<article>\n<header><a name=\"art20\">Article 20 &#8211; Organisation comptable<\/a><\/header>\n<section>L&#8217;association doit tenir une comptabilit\u00e9 de recettes d\u00e9penses compl\u00e9t\u00e9e par un livre d&#8217;inventaire des biens de l&#8217;association.L&#8217;exercice comptable de l&#8217;association a une dur\u00e9e de 12 mois ; il commence le 01 janvier et se termine le 31 d\u00e9cembre. Par d\u00e9rogation le premier exercice d\u00e9butera d\u00e8s l&#8217;enregistrement de l&#8217;association et se terminer le 31 d\u00e9cembre N.<br \/>\n\t\t<br \/><\/section>\n<\/article>\n<article>\n<header><a name=\"art21\">Article 21 &#8211; Dissolution de l&#8217;association<\/a><\/header>\n<section>En cas de dissolution prononc\u00e9e par au moins deux tiers des membres pr\u00e9sents et repr\u00e9sent\u00e9s \u00e0 l&#8217;assembl\u00e9e g\u00e9n\u00e9rale extraordinaire, celle-ci d\u00e9signe un ou plusieurs liquidateurs et l&#8217;actif, s&#8217;il y a lieu, est d\u00e9volu conform\u00e9ment \u00e0 l&#8217;article 9 de la loi du 1er juillet 1901 et au d\u00e9cret du 16 ao\u00fbt 1901.Les membres de l&#8217;association ne peuvent se voir attribuer, en dehors de la reprise de leurs apports financiers, mobiliers ou immobiliers, une part quelconque des biens de l&#8217;association.L&#8217;actif net subsistant sera attribu\u00e9 obligatoirement \u00e0 une ou plusieurs associations poursuivant des buts similaires et qui seront d\u00e9sign\u00e9es par l&#8217;assembl\u00e9e g\u00e9n\u00e9rale extraordinaire.<br \/>\n\t\t<br \/><\/section>\n<\/article>\n<article>\n<header><a name=\"art22\">Article 22 &#8211; R\u00e8glement int\u00e9rieur<\/a><\/header>\n<section>Un r\u00e8glement int\u00e9rieur sera \u00e9tabli par le conseil d&#8217;administration. Ce r\u00e8glement est destin\u00e9 \u00e0 fixer les divers points non pr\u00e9vus par les statuts, notamment ceux qui ont trait \u00e0 l&#8217;administration interne de l&#8217;association. Il pourra \u00eatre amend\u00e9 sur d\u00e9cision du conseil d\u2019administration ou de l\u2019assembl\u00e9e g\u00e9n\u00e9rale.<br \/>\n\t\t<br \/><\/section>\n<\/article>\n<article>\n<header><a name=\"art23\">Article 23 &#8211; Formalit\u00e9s<\/a><\/header>\n<section>Le Bureau doit accomplir toutes les formalit\u00e9s de d\u00e9claration et de publication pr\u00e9vues par la loi, tant au moment de la cr\u00e9ation de l&#8217;association qu&#8217;au cours de son existence.<br \/>\n\t\t<br \/><\/section>\n<\/article>\n<\/div>\n","protected":false},"excerpt":{"rendered":"<p>Article 1er &#8211; Constitution Il est fond\u00e9 entre les adh\u00e9rents aux pr\u00e9sents statuts une association r\u00e9gie par la loi du 1er juillet 1901 et le d\u00e9cret du 16 ao\u00fbt 1901, ayant pour titre : \u00abLes Myst\u00e8res de la Plume Rouge\u00bb. Article 2 &#8211; Dur\u00e9e La dur\u00e9e de l&#8217;association est illimit\u00e9e. Article 3 &#8211; Si\u00e8ge social [&hellip;]<\/p>\n","protected":false},"author":1,"featured_media":0,"parent":0,"menu_order":0,"comment_status":"closed","ping_status":"closed","template":"","meta":{"ngg_post_thumbnail":0},"builder_content":"","_links":{"self":[{"href":"http:\/\/les-mysteres-de-la-plume-rouge.fr\/index.php?rest_route=\/wp\/v2\/pages\/455"}],"collection":[{"href":"http:\/\/les-mysteres-de-la-plume-rouge.fr\/index.php?rest_route=\/wp\/v2\/pages"}],"about":[{"href":"http:\/\/les-mysteres-de-la-plume-rouge.fr\/index.php?rest_route=\/wp\/v2\/types\/page"}],"author":[{"embeddable":true,"href":"http:\/\/les-mysteres-de-la-plume-rouge.fr\/index.php?rest_route=\/wp\/v2\/users\/1"}],"replies":[{"embeddable":true,"href":"http:\/\/les-mysteres-de-la-plume-rouge.fr\/index.php?rest_route=%2Fwp%2Fv2%2Fcomments&post=455"}],"version-history":[{"count":20,"href":"http:\/\/les-mysteres-de-la-plume-rouge.fr\/index.php?rest_route=\/wp\/v2\/pages\/455\/revisions"}],"predecessor-version":[{"id":475,"href":"http:\/\/les-mysteres-de-la-plume-rouge.fr\/index.php?rest_route=\/wp\/v2\/pages\/455\/revisions\/475"}],"wp:attachment":[{"href":"http:\/\/les-mysteres-de-la-plume-rouge.fr\/index.php?rest_route=%2Fwp%2Fv2%2Fmedia&parent=455"}],"curies":[{"name":"wp","href":"https:\/\/api.w.org\/{rel}","templated":true}]}}