{"id":136,"date":"2011-09-11T14:58:59","date_gmt":"2011-09-11T12:58:59","guid":{"rendered":"http:\/\/les-mysteres-de-la-plume-rouge.fr\/?page_id=136"},"modified":"2011-11-27T17:57:48","modified_gmt":"2011-11-27T15:57:48","slug":"historique","status":"publish","type":"page","link":"http:\/\/les-mysteres-de-la-plume-rouge.fr\/?page_id=136","title":{"rendered":"Historique"},"content":{"rendered":"<h1>Assembl\u00e9es<\/h1>\n<h2>Assembl\u00e9e G\u00e9n\u00e9rale<\/h2>\n<p>Le 19 novembre 2011 \u00e0 15h30 au si\u00e8ge.<\/p>\n<h2>Conseil d&#8217;Administration<\/h2>\n<p>Le 10 septembre 2011 \u00e0 13h au si\u00e8ge. Initiation automatique par la r\u00e8gle des 3 mois.<\/p>\n<p>Le 19 novembre 2011 au si\u00e8ge, imm\u00e9diatement apr\u00e8s l&#8217;AG (16h40), avec le CA nouvellement \u00e9lu. Initiation automatique par la r\u00e8gle des 3 mois.<\/p>\n<h1>Administration<\/h1>\n<p>Procurations bancaires pour le secr\u00e9taire et le tr\u00e9sorier le 19 novembre 2011 \u00e0 13h.<\/p>\n<p>&nbsp;<\/p>\n","protected":false},"excerpt":{"rendered":"<p>Assembl\u00e9es Assembl\u00e9e G\u00e9n\u00e9rale Le 19 novembre 2011 \u00e0 15h30 au si\u00e8ge. Conseil d&#8217;Administration Le 10 septembre 2011 \u00e0 13h au si\u00e8ge. Initiation automatique par la r\u00e8gle des 3 mois. Le 19 novembre 2011 au si\u00e8ge, imm\u00e9diatement apr\u00e8s l&#8217;AG (16h40), avec le CA nouvellement \u00e9lu. Initiation automatique par la r\u00e8gle des 3 mois. Administration Procurations bancaires [&hellip;]<\/p>\n","protected":false},"author":2,"featured_media":0,"parent":28,"menu_order":0,"comment_status":"open","ping_status":"open","template":"","meta":{"ngg_post_thumbnail":0},"builder_content":"","_links":{"self":[{"href":"http:\/\/les-mysteres-de-la-plume-rouge.fr\/index.php?rest_route=\/wp\/v2\/pages\/136"}],"collection":[{"href":"http:\/\/les-mysteres-de-la-plume-rouge.fr\/index.php?rest_route=\/wp\/v2\/pages"}],"about":[{"href":"http:\/\/les-mysteres-de-la-plume-rouge.fr\/index.php?rest_route=\/wp\/v2\/types\/page"}],"author":[{"embeddable":true,"href":"http:\/\/les-mysteres-de-la-plume-rouge.fr\/index.php?rest_route=\/wp\/v2\/users\/2"}],"replies":[{"embeddable":true,"href":"http:\/\/les-mysteres-de-la-plume-rouge.fr\/index.php?rest_route=%2Fwp%2Fv2%2Fcomments&post=136"}],"version-history":[{"count":5,"href":"http:\/\/les-mysteres-de-la-plume-rouge.fr\/index.php?rest_route=\/wp\/v2\/pages\/136\/revisions"}],"predecessor-version":[{"id":206,"href":"http:\/\/les-mysteres-de-la-plume-rouge.fr\/index.php?rest_route=\/wp\/v2\/pages\/136\/revisions\/206"}],"up":[{"embeddable":true,"href":"http:\/\/les-mysteres-de-la-plume-rouge.fr\/index.php?rest_route=\/wp\/v2\/pages\/28"}],"wp:attachment":[{"href":"http:\/\/les-mysteres-de-la-plume-rouge.fr\/index.php?rest_route=%2Fwp%2Fv2%2Fmedia&parent=136"}],"curies":[{"name":"wp","href":"https:\/\/api.w.org\/{rel}","templated":true}]}}