{"id":118,"date":"2011-09-04T16:56:17","date_gmt":"2011-09-04T14:56:17","guid":{"rendered":"http:\/\/les-mysteres-de-la-plume-rouge.fr\/?page_id=118"},"modified":"2011-09-17T15:43:07","modified_gmt":"2011-09-17T13:43:07","slug":"a-faire","status":"publish","type":"page","link":"http:\/\/les-mysteres-de-la-plume-rouge.fr\/?page_id=118","title":{"rendered":"A faire"},"content":{"rendered":"<h1>Proc\u00e9dures<\/h1>\n<ul>\n<li>Questions en suspens sur la proc\u00e9dure de tenue du CA<\/li>\n<li>Remplir la proc\u00e9dure d&#8217;adh\u00e9sion. Penser \u00e0 mettre \u00e0 jour la date d&#8217;encaissement de cotisation par adh\u00e9rent, qui d\u00e9termine la dur\u00e9e de validit\u00e9 de l&#8217;adh\u00e9sion.<\/li>\n<li>Se faire conna\u00eetre aupr\u00e8s de la Poste (CEDEX ?)<\/li>\n<\/ul>\n<h1>Site<\/h1>\n<ul>\n<li>Construire automatiquement la liste des membres<\/li>\n<li>Un compte par membre pour qu&#8217;il puisse mettre \u00e0 jour certains renseignements, ses affinit\u00e9s de jeu, etc.<\/li>\n<li>Logo<\/li>\n<li>Skin Word Press sans copyright<\/li>\n<li>Petite \u00e9nigme sur la page d&#8217;accueil du site ?<\/li>\n<\/ul>\n<h1>Autres<\/h1>\n<ul>\n<li>Cartes de membres<\/li>\n<li>Goodies (T-shirts&#8230;)<\/li>\n<\/ul>\n","protected":false},"excerpt":{"rendered":"<p>Proc\u00e9dures Questions en suspens sur la proc\u00e9dure de tenue du CA Remplir la proc\u00e9dure d&#8217;adh\u00e9sion. Penser \u00e0 mettre \u00e0 jour la date d&#8217;encaissement de cotisation par adh\u00e9rent, qui d\u00e9termine la dur\u00e9e de validit\u00e9 de l&#8217;adh\u00e9sion. Se faire conna\u00eetre aupr\u00e8s de la Poste (CEDEX ?) Site Construire automatiquement la liste des membres Un compte par membre [&hellip;]<\/p>\n","protected":false},"author":2,"featured_media":0,"parent":28,"menu_order":0,"comment_status":"open","ping_status":"open","template":"","meta":{"ngg_post_thumbnail":0},"builder_content":"","_links":{"self":[{"href":"http:\/\/les-mysteres-de-la-plume-rouge.fr\/index.php?rest_route=\/wp\/v2\/pages\/118"}],"collection":[{"href":"http:\/\/les-mysteres-de-la-plume-rouge.fr\/index.php?rest_route=\/wp\/v2\/pages"}],"about":[{"href":"http:\/\/les-mysteres-de-la-plume-rouge.fr\/index.php?rest_route=\/wp\/v2\/types\/page"}],"author":[{"embeddable":true,"href":"http:\/\/les-mysteres-de-la-plume-rouge.fr\/index.php?rest_route=\/wp\/v2\/users\/2"}],"replies":[{"embeddable":true,"href":"http:\/\/les-mysteres-de-la-plume-rouge.fr\/index.php?rest_route=%2Fwp%2Fv2%2Fcomments&post=118"}],"version-history":[{"count":9,"href":"http:\/\/les-mysteres-de-la-plume-rouge.fr\/index.php?rest_route=\/wp\/v2\/pages\/118\/revisions"}],"predecessor-version":[{"id":162,"href":"http:\/\/les-mysteres-de-la-plume-rouge.fr\/index.php?rest_route=\/wp\/v2\/pages\/118\/revisions\/162"}],"up":[{"embeddable":true,"href":"http:\/\/les-mysteres-de-la-plume-rouge.fr\/index.php?rest_route=\/wp\/v2\/pages\/28"}],"wp:attachment":[{"href":"http:\/\/les-mysteres-de-la-plume-rouge.fr\/index.php?rest_route=%2Fwp%2Fv2%2Fmedia&parent=118"}],"curies":[{"name":"wp","href":"https:\/\/api.w.org\/{rel}","templated":true}]}}